 {"id":94810,"date":"2025-07-28T13:53:08","date_gmt":"2025-07-28T11:53:08","guid":{"rendered":"https:\/\/www.comoditahome.com\/mk\/product\/%d1%80%d0%b0%d0%bd%d0%b5%d1%86-everyday-dusty-rose\/"},"modified":"2026-05-05T22:10:49","modified_gmt":"2026-05-05T20:10:49","slug":"%d1%80%d0%b0%d0%bd%d0%b5%d1%86-everyday-dusty-rose","status":"publish","type":"product","link":"https:\/\/www.comoditahome.com\/mk\/sq\/product\/%d1%80%d0%b0%d0%bd%d0%b5%d1%86-everyday-dusty-rose\/","title":{"rendered":"\u00c7ant\u00eb shpine Everyday Dusty Rose"},"content":{"rendered":"","protected":false},"excerpt":{"rendered":"<p style=\"text-align: left;\">P\u00ebr ata q\u00eb vler\u00ebsojn\u00eb\u00a0stilin modern, past\u00ebrtin\u00eb e linjave dhe funksionalitetin, kjo \u00e7ant\u00eb shpine \u00ebsht\u00eb zgjedhja ideale. Kjo \u00e7ant\u00eb p\u00ebrfaq\u00ebson kombinimin perfekt mes estetik\u00ebs urbane dhe p\u00ebrdorimit praktik.<\/p>\n<ul style=\"text-align: left;\">\n<li>Dizajn t\u00eb past\u00ebr dhe modern<\/li>\n<li>Material rezistent ndaj ujit dhe t\u00eb q\u00ebndruesh\u00ebm<\/li>\n<li>Mbyllje \u201croll-top\u201d p\u00ebr zgjerim kapaciteti<\/li>\n<li>Shirit mb\u00ebshtet\u00ebs dhe rripa t\u00eb rehatsh\u00ebm p\u00ebr mbajtje t\u00eb gjat\u00eb<\/li>\n<li>Ideale p\u00ebr laptop\u00eb, dokumente dhe pajisje personale n\u00eb pun\u00eb, udh\u00ebtime ose aktivitete ditore.<\/li>\n<\/ul>\n<p style=\"text-align: left;\">Nj\u00eb zgjedhje p\u00ebr ata q\u00eb k\u00ebrkojn\u00eb\u00a0thjesht\u00ebsi me klas\u00a0dhe\u00a0cil\u00ebsi n\u00eb \u00e7do detaj.<\/p>\n<p style=\"text-align: left;\"><strong>Dimensioni:\u00a0<\/strong><strong>29.5*11*45 cm<\/strong><\/p>\n<p style=\"text-align: left;\"><strong>NGJYRA:<\/strong>\u00a0Roz\u00eb e hapur<\/p>\n<p style=\"text-align: left;\"><strong>MATERIALI:<\/strong>\u00a0Poliuretani<\/p>\n<p style=\"text-align: left;\"><strong>UDH\u00cbZIMET E P\u00cbRDORIMIT:<\/strong>\u00a0T\u00eb pastrohet me dor\u00eb<\/p>\n<p style=\"text-align: left;\"><strong>KUSHTET E KTHIMIT \/ GARANCION:<\/strong>\u00a0P\u00ebr k\u00ebt\u00eb produkt pranohet reklamacion brenda 24 or\u00ebve pasi t\u00eb pranoni porosin\u00eb.<\/p>\n<p style=\"text-align: left;\" data-start=\"630\" data-end=\"885\"><span style=\"color: #ffffff;\">3905710930753<\/span><\/p>\n","protected":false},"featured_media":94793,"template":"","meta":[],"product_cat":[340,342],"product_tag":[],"class_list":{"0":"post-94810","1":"product","2":"type-product","3":"status-publish","4":"has-post-thumbnail","6":"product_cat-udhetim","7":"product_cat-cante","9":"first","10":"instock","11":"sale","12":"shipping-taxable","13":"purchasable","14":"product-type-simple","15":"layout-style-1","16":"col-md-4 col-sm-4 col-xs-6","17":"col-lg-3","18":"product-has-gallery","19":"product-style-default"},"_links":{"self":[{"href":"https:\/\/www.comoditahome.com\/mk\/sq\/wp-json\/wp\/v2\/product\/94810","targetHints":{"allow":["GET"]}}],"collection":[{"href":"https:\/\/www.comoditahome.com\/mk\/sq\/wp-json\/wp\/v2\/product"}],"about":[{"href":"https:\/\/www.comoditahome.com\/mk\/sq\/wp-json\/wp\/v2\/types\/product"}],"version-history":[{"count":1,"href":"https:\/\/www.comoditahome.com\/mk\/sq\/wp-json\/wp\/v2\/product\/94810\/revisions"}],"predecessor-version":[{"id":94811,"href":"https:\/\/www.comoditahome.com\/mk\/sq\/wp-json\/wp\/v2\/product\/94810\/revisions\/94811"}],"wp:featuredmedia":[{"embeddable":true,"href":"https:\/\/www.comoditahome.com\/mk\/sq\/wp-json\/wp\/v2\/media\/94793"}],"wp:attachment":[{"href":"https:\/\/www.comoditahome.com\/mk\/sq\/wp-json\/wp\/v2\/media?parent=94810"}],"wp:term":[{"taxonomy":"product_cat","embeddable":true,"href":"https:\/\/www.comoditahome.com\/mk\/sq\/wp-json\/wp\/v2\/product_cat?post=94810"},{"taxonomy":"product_tag","embeddable":true,"href":"https:\/\/www.comoditahome.com\/mk\/sq\/wp-json\/wp\/v2\/product_tag?post=94810"}],"curies":[{"name":"wp","href":"https:\/\/api.w.org\/{rel}","templated":true}]}}