 {"id":94838,"date":"2025-07-28T14:02:49","date_gmt":"2025-07-28T12:02:49","guid":{"rendered":"https:\/\/www.comoditahome.com\/mk\/product\/%d0%bd%d0%b5%d1%81%d0%b5%d1%81%d0%b5%d1%80-new-regent-sand\/"},"modified":"2026-05-05T22:10:49","modified_gmt":"2026-05-05T20:10:49","slug":"%d0%bd%d0%b5%d1%81%d0%b5%d1%81%d0%b5%d1%80-new-regent-sand","status":"publish","type":"product","link":"https:\/\/www.comoditahome.com\/mk\/sq\/product\/%d0%bd%d0%b5%d1%81%d0%b5%d1%81%d0%b5%d1%80-new-regent-sand\/","title":{"rendered":"\u00c7ant\u00eb organizuese New Regent Sand"},"content":{"rendered":"","protected":false},"excerpt":{"rendered":"<p style=\"text-align: left;\">Ky \u00e7ant\u00eb elegante me dizajn minimalist dhe ngjyr\u00eb bezh\u00eb t\u00eb ngroht\u00eb \u00ebsht\u00eb zgjidhja ideale p\u00ebr ata q\u00eb vler\u00ebsojn\u00eb funksionalitetin dhe stilin.<\/p>\n<ul style=\"text-align: left;\">\n<li>P\u00ebrmasa kompakte dhe ndarje t\u00eb brendshme t\u00eb organizuara mir\u00eb, ajo \u00ebsht\u00eb perfekte p\u00ebr udh\u00ebtime, palest\u00ebr ose p\u00ebr p\u00ebrdorim t\u00eb p\u00ebrditsh\u00ebm.<\/li>\n<li>Material rezistent ndaj ujit<\/li>\n<li>Mbyllje me dy zinxhir\u00eb p\u00ebr akses t\u00eb shpejt\u00eb, dizajn t\u00eb past\u00ebr dhe modern<\/li>\n<li>E p\u00ebrshtatshme p\u00ebr tualet, pajisje teknologjike apo aksesor\u00eb t\u00eb vegj\u00ebl.<\/li>\n<\/ul>\n<p style=\"text-align: left;\"><strong>Dimensioni:\u00a0<\/strong><strong>23*9*13 cm<\/strong><\/p>\n<p style=\"text-align: left;\"><strong>NGJYRA:<\/strong>\u00a0Bezh\u00eb e ngroht\u00eb<\/p>\n<p style=\"text-align: left;\"><strong>MATERIALI:<\/strong>\u00a0Poliuretani<\/p>\n<p style=\"text-align: left;\"><strong>UDH\u00cbZIMET E P\u00cbRDORIMIT:<\/strong>\u00a0T\u00eb pastrohet me dor\u00eb<\/p>\n<p style=\"text-align: left;\"><strong>KUSHTET E KTHIMIT \/ GARANCION:<\/strong>\u00a0P\u00ebr k\u00ebt\u00eb produkt pranohet reklamacion brenda 24 or\u00ebve pasi t\u00eb pranoni porosin\u00eb.<\/p>\n<p style=\"text-align: left;\" data-start=\"509\" data-end=\"757\"><span style=\"color: #ffffff;\">3905710930777<\/span><\/p>\n","protected":false},"featured_media":94833,"template":"","meta":[],"product_cat":[340,342],"product_tag":[],"class_list":{"0":"post-94838","1":"product","2":"type-product","3":"status-publish","4":"has-post-thumbnail","6":"product_cat-udhetim","7":"product_cat-cante","9":"first","10":"instock","11":"sale","12":"shipping-taxable","13":"purchasable","14":"product-type-simple","15":"layout-style-1","16":"col-md-4 col-sm-4 col-xs-6","17":"col-lg-3","18":"product-has-gallery","19":"product-style-default"},"_links":{"self":[{"href":"https:\/\/www.comoditahome.com\/mk\/sq\/wp-json\/wp\/v2\/product\/94838","targetHints":{"allow":["GET"]}}],"collection":[{"href":"https:\/\/www.comoditahome.com\/mk\/sq\/wp-json\/wp\/v2\/product"}],"about":[{"href":"https:\/\/www.comoditahome.com\/mk\/sq\/wp-json\/wp\/v2\/types\/product"}],"version-history":[{"count":1,"href":"https:\/\/www.comoditahome.com\/mk\/sq\/wp-json\/wp\/v2\/product\/94838\/revisions"}],"predecessor-version":[{"id":94839,"href":"https:\/\/www.comoditahome.com\/mk\/sq\/wp-json\/wp\/v2\/product\/94838\/revisions\/94839"}],"wp:featuredmedia":[{"embeddable":true,"href":"https:\/\/www.comoditahome.com\/mk\/sq\/wp-json\/wp\/v2\/media\/94833"}],"wp:attachment":[{"href":"https:\/\/www.comoditahome.com\/mk\/sq\/wp-json\/wp\/v2\/media?parent=94838"}],"wp:term":[{"taxonomy":"product_cat","embeddable":true,"href":"https:\/\/www.comoditahome.com\/mk\/sq\/wp-json\/wp\/v2\/product_cat?post=94838"},{"taxonomy":"product_tag","embeddable":true,"href":"https:\/\/www.comoditahome.com\/mk\/sq\/wp-json\/wp\/v2\/product_tag?post=94838"}],"curies":[{"name":"wp","href":"https:\/\/api.w.org\/{rel}","templated":true}]}}