 {"id":95919,"date":"2025-09-26T14:11:58","date_gmt":"2025-09-26T12:11:58","guid":{"rendered":"https:\/\/www.comoditahome.com\/mk\/product\/%d1%81%d0%b5%d1%82-%d0%bf%d0%b8%d0%ba%d0%b5-summerpunch-beige-200x220\/"},"modified":"2026-05-05T22:10:52","modified_gmt":"2026-05-05T20:10:52","slug":"%d1%81%d0%b5%d1%82-%d0%bf%d0%b8%d0%ba%d0%b5-summerpunch-beige-200x220","status":"publish","type":"product","link":"https:\/\/www.comoditahome.com\/mk\/sq\/product\/%d1%81%d0%b5%d1%82-%d0%bf%d0%b8%d0%ba%d0%b5-summerpunch-beige-200x220\/","title":{"rendered":"Set pike SUMMERPUNCH BEIGE  200&#215;220"},"content":{"rendered":"","protected":false},"excerpt":{"rendered":"<p style=\"text-align: left;\">Sillni freski dhe eleganc\u00eb n\u00eb dhom\u00ebn tuaj t\u00eb gjumit me k\u00ebt\u00eb set me cil\u00ebsi t\u00eb lart\u00eb, i punuar nga 100% pambuk. Dizajni nj\u00ebngjyr\u00ebsh dhe minimalist p\u00ebrshtatet leht\u00ebsisht me \u00e7do ambient, nd\u00ebrsa textura e but\u00eb dhe e k\u00ebndshme e mbules\u00ebs s\u00eb pambukut ju ofron komoditet dhe rehati \u00e7do nat\u00eb.<\/p>\n<p style=\"text-align: left;\">\n<p style=\"text-align: left;\"><strong>Karakteristikat:<\/strong><\/p>\n<ul style=\"text-align: left;\">\n<li><strong>P\u00ebrb\u00ebrja:<\/strong> 100% pambuk pike \u2013 natyral, i but\u00eb dhe i k\u00ebndsh\u00ebm n\u00eb prekje<\/li>\n<li><strong>Dizajni:<\/strong> mbules\u00eb elegante nj\u00ebngjyr\u00ebshe (\u00e7ar\u00e7af mbules dhe mbulesa p\u00ebr jast\u00ebk)<\/li>\n<\/ul>\n<p style=\"text-align: left;\"><strong>P\u00ebrmasat:<\/strong><\/p>\n<ul style=\"text-align: left;\">\n<li>Mbules\u00eb\/Pike: 200&#215;220 cm<\/li>\n<li>\u00c7ar\u00e7af: 160&#215;200+30 cm (me elastik 30 cm i lart\u00eb n\u00eb an\u00ebsh)<\/li>\n<li>2 mbulesa p\u00ebr jast\u00ebk: 50&#215;70 cm<\/li>\n<\/ul>\n<p style=\"text-align: left;\"><strong>Udh\u00ebzime p\u00ebr p\u00ebrdorim:<\/strong><\/p>\n<ul style=\"text-align: left;\">\n<li>Lajeni n\u00eb makin\u00eb n\u00eb 30\u00b0C<\/li>\n<\/ul>\n<p style=\"text-align: left;\">\n<p style=\"text-align: left;\">Ky set \u00ebsht\u00eb zgjedhja ideale p\u00ebr ata q\u00eb k\u00ebrkojn\u00eb kombinimin e materialit natyral, pamjes elegante dhe rehatis\u00eb maksimale.<\/p>\n<p style=\"text-align: left;\"><span style=\"color: #ffffff;\">3905710940592<\/span><\/p>\n","protected":false},"featured_media":95908,"template":"","meta":[],"product_cat":[343,353],"product_tag":[],"class_list":{"0":"post-95919","1":"product","2":"type-product","3":"status-publish","4":"has-post-thumbnail","6":"product_cat-gjume","7":"product_cat-set-carcafesh","9":"first","10":"instock","11":"sale","12":"shipping-taxable","13":"purchasable","14":"product-type-simple","15":"layout-style-1","16":"col-md-4 col-sm-4 col-xs-6","17":"col-lg-3","18":"product-style-default"},"_links":{"self":[{"href":"https:\/\/www.comoditahome.com\/mk\/sq\/wp-json\/wp\/v2\/product\/95919","targetHints":{"allow":["GET"]}}],"collection":[{"href":"https:\/\/www.comoditahome.com\/mk\/sq\/wp-json\/wp\/v2\/product"}],"about":[{"href":"https:\/\/www.comoditahome.com\/mk\/sq\/wp-json\/wp\/v2\/types\/product"}],"version-history":[{"count":1,"href":"https:\/\/www.comoditahome.com\/mk\/sq\/wp-json\/wp\/v2\/product\/95919\/revisions"}],"predecessor-version":[{"id":95922,"href":"https:\/\/www.comoditahome.com\/mk\/sq\/wp-json\/wp\/v2\/product\/95919\/revisions\/95922"}],"wp:featuredmedia":[{"embeddable":true,"href":"https:\/\/www.comoditahome.com\/mk\/sq\/wp-json\/wp\/v2\/media\/95908"}],"wp:attachment":[{"href":"https:\/\/www.comoditahome.com\/mk\/sq\/wp-json\/wp\/v2\/media?parent=95919"}],"wp:term":[{"taxonomy":"product_cat","embeddable":true,"href":"https:\/\/www.comoditahome.com\/mk\/sq\/wp-json\/wp\/v2\/product_cat?post=95919"},{"taxonomy":"product_tag","embeddable":true,"href":"https:\/\/www.comoditahome.com\/mk\/sq\/wp-json\/wp\/v2\/product_tag?post=95919"}],"curies":[{"name":"wp","href":"https:\/\/api.w.org\/{rel}","templated":true}]}}