 {"id":96519,"date":"2025-11-06T15:17:07","date_gmt":"2025-11-06T13:17:07","guid":{"rendered":"https:\/\/www.comoditahome.com\/mk\/product\/%d0%bd%d0%b0%d0%b4-%d0%b4%d1%83%d1%88%d0%b5%d0%ba-comodita-90x195\/"},"modified":"2026-05-05T22:10:52","modified_gmt":"2026-05-05T20:10:52","slug":"%d0%bd%d0%b0%d0%b4-%d0%b4%d1%83%d1%88%d0%b5%d0%ba-comodita-90x195","status":"publish","type":"product","link":"https:\/\/www.comoditahome.com\/mk\/sq\/product\/%d0%bd%d0%b0%d0%b4-%d0%b4%d1%83%d1%88%d0%b5%d0%ba-comodita-90x195\/","title":{"rendered":"Mbishtres\u00eb COMODITA 90&#215;195"},"content":{"rendered":"","protected":false},"excerpt":{"rendered":"<div style=\"text-align: left;\"><b>Topper COMODITA<\/b>\u00a0\u00ebsht\u00eb dizajnuar p\u00ebr t\u00eb ofruar mb\u00ebshtetje ideale dhe p\u00ebr t\u00eb minimizuar l\u00ebkundjet apo rrotullimet gjat\u00eb gjumit. P\u00ebrb\u00ebrja e tij nga\u00a0<b>shkum\u00eb memory<\/b>\u00a0i shton dyshekut tuaj nj\u00eb ndjenj\u00eb t\u00eb re but\u00ebsie, duke mb\u00ebshtetur trupin n\u00eb m\u00ebnyr\u00eb natyrale dhe duke ju ndihmuar t\u00eb flini me rehati dhe \u00ebndrra t\u00eb bukura.<\/div>\n<div style=\"text-align: left;\"><b>Karakteristikat kryesore:<\/b><\/div>\n<div style=\"text-align: left;\">\u2022 P\u00ebrshtatet me format e trupit p\u00ebr nj\u00eb p\u00ebrvoj\u00eb individuale q\u00eb eliminon pikat e presionit.<br \/>\n\u2022 Mb\u00ebshtjell\u00ebs i l\u00ebvizsh\u00ebm q\u00eb p\u00ebrmir\u00ebson frym\u00ebmarrjen dhe krijon nj\u00eb ambient t\u00eb sh\u00ebndetsh\u00ebm, pa baktere.<br \/>\n\u2022 I but\u00eb, i ajrosur dhe reagues ndaj l\u00ebvizjeve.<br \/>\n\u2022 \u00c7liron pikat e presionit dhe ndihmon n\u00eb qarkullimin e gjakut.<br \/>\n\u2022 Natyrsh\u00ebm antimikrobik dhe rezistent ndaj insekteve t\u00eb pluhurit.<\/div>\n<div style=\"text-align: left;\"><b>Dimensionet \/ P\u00ebrb\u00ebrja:<\/b><\/div>\n<ul style=\"text-align: left;\" data-start=\"879\" data-end=\"1003\">\n<li>\n<div role=\"presentation\">90\u00d7195\u00d75 cm<\/div>\n<\/li>\n<li>\n<div role=\"presentation\"><b>Materiali:<\/b><\/div>\n<ul data-start=\"916\" data-end=\"1003\">\n<li>\n<div role=\"presentation\">Mb\u00ebshtjell\u00ebsi: 100% Poliester<\/div>\n<\/li>\n<li>\n<div role=\"presentation\">Brend\u00ebsia: P\u00ebrzierje shkum\u00eb memory me polietane<\/div>\n<\/li>\n<\/ul>\n<\/li>\n<\/ul>\n<div style=\"text-align: left;\"><b>Udh\u00ebzime p\u00ebrdorimi:<\/b><\/div>\n<ul data-start=\"1031\" data-end=\"1113\">\n<li style=\"text-align: left;\">\n<div role=\"presentation\">Nuk pastrohet me uj\u00eb apo detergjent.<\/div>\n<\/li>\n<li>\n<div style=\"text-align: left;\" role=\"presentation\">Rekomandohet vet\u00ebm ajrosja periodike.<\/div>\n<\/li>\n<\/ul>\n","protected":false},"featured_media":96499,"template":"","meta":[],"product_cat":[343,351],"product_tag":[],"class_list":{"0":"post-96519","1":"product","2":"type-product","3":"status-publish","4":"has-post-thumbnail","6":"product_cat-gjume","7":"product_cat-mbishtresa-dysheku-dhe-protektore","8":"product_shipping_class-topper","9":"product_shipping_class-topper-sq","11":"first","12":"instock","13":"sale","14":"shipping-taxable","15":"purchasable","16":"product-type-simple","17":"layout-style-1","18":"col-md-4 col-sm-4 col-xs-6","19":"col-lg-3","20":"product-has-gallery","21":"product-style-default"},"_links":{"self":[{"href":"https:\/\/www.comoditahome.com\/mk\/sq\/wp-json\/wp\/v2\/product\/96519","targetHints":{"allow":["GET"]}}],"collection":[{"href":"https:\/\/www.comoditahome.com\/mk\/sq\/wp-json\/wp\/v2\/product"}],"about":[{"href":"https:\/\/www.comoditahome.com\/mk\/sq\/wp-json\/wp\/v2\/types\/product"}],"version-history":[{"count":1,"href":"https:\/\/www.comoditahome.com\/mk\/sq\/wp-json\/wp\/v2\/product\/96519\/revisions"}],"predecessor-version":[{"id":96525,"href":"https:\/\/www.comoditahome.com\/mk\/sq\/wp-json\/wp\/v2\/product\/96519\/revisions\/96525"}],"wp:featuredmedia":[{"embeddable":true,"href":"https:\/\/www.comoditahome.com\/mk\/sq\/wp-json\/wp\/v2\/media\/96499"}],"wp:attachment":[{"href":"https:\/\/www.comoditahome.com\/mk\/sq\/wp-json\/wp\/v2\/media?parent=96519"}],"wp:term":[{"taxonomy":"product_cat","embeddable":true,"href":"https:\/\/www.comoditahome.com\/mk\/sq\/wp-json\/wp\/v2\/product_cat?post=96519"},{"taxonomy":"product_tag","embeddable":true,"href":"https:\/\/www.comoditahome.com\/mk\/sq\/wp-json\/wp\/v2\/product_tag?post=96519"}],"curies":[{"name":"wp","href":"https:\/\/api.w.org\/{rel}","templated":true}]}}