 {"id":97687,"date":"2025-12-09T14:09:36","date_gmt":"2025-12-09T12:09:36","guid":{"rendered":"https:\/\/www.comoditahome.com\/mk\/product\/%d0%b4%d1%83%d1%88%d0%b5%d0%ba-aloe-vera-spring-120x200\/"},"modified":"2026-05-05T22:10:52","modified_gmt":"2026-05-05T20:10:52","slug":"%d0%b4%d1%83%d1%88%d0%b5%d0%ba-aloe-vera-spring-120x200","status":"publish","type":"product","link":"https:\/\/www.comoditahome.com\/mk\/sq\/product\/%d0%b4%d1%83%d1%88%d0%b5%d0%ba-aloe-vera-spring-120x200\/","title":{"rendered":"Dyshek ALOE VERA SPRING 120&#215;200"},"content":{"rendered":"","protected":false},"excerpt":{"rendered":"<p style=\"text-align: left;\"><span style=\"color: #808080;\">Dysheku Aloe Vera \u00ebsht\u00eb me trash\u00ebsi prej 21cm, vjen me nj\u00eb mb\u00ebshtetje an\u00ebsore e b\u00ebr\u00eb nga shkum\u00eb mb\u00ebshtet\u00ebse, q\u00eb ofron stabilitet dhe struktur\u00eb n\u00eb skaje. Rehatia e siguruar nga shtresa e shkum\u00ebs s\u00eb rib\u00ebr\u00eb\u00a0<strong data-start=\"121\" data-end=\"129\">4 cm<\/strong>\u00a0n\u00eb pjes\u00ebn e sip\u00ebrme, Strukturua e dyshekut njihet p\u00ebr elasticitetin e shkum\u00ebs polietane q\u00eb ofron mb\u00ebshtetje optimale p\u00ebr form\u00ebn e trupit. Sistem sustash, nj\u00eb baz\u00eb klasike me susta t\u00eb lidhura p\u00ebr mb\u00ebshtetje t\u00eb fort\u00eb dhe jet\u00ebgjat\u00ebsi. Dysheku ka nj\u00eb sturktur\u00eb pozore q\u00eb ofron nj\u00eb ventilim optimal duke hequr ajrin e lag\u00ebsht nga dysheku dhe vendosur ajrin e past\u00ebr, p\u00ebr nj\u00eb fjetje t\u00eb qet\u00eb n\u00eb temperatur\u00eb t\u00eb duhur.<\/span><\/p>\n<p style=\"text-align: left;\"><span style=\"color: #808080;\"><strong>DIMENSIONI \/ KOMPOZICIONI:<\/strong> 120x200cm<\/span><\/p>\n<p style=\"text-align: left;\"><span style=\"color: #808080;\"><strong>NGJYRA:<\/strong>\u00a0Me dizajn<\/span><\/p>\n<p style=\"text-align: left;\"><span style=\"color: #808080;\"><strong>LART\u00cbSIA E DYSHEKUT:<\/strong>\u00a021 cm<\/span><\/p>\n<p style=\"text-align: left;\"><span style=\"color: #808080;\"><strong>TRASH\u00cbSIA E SHTRES\u00cbS S\u00cb SIP\u00cbRME:<\/strong>\u00a04 cm shkum\u00eb e rib\u00ebr\u00eb<\/span><\/p>\n<p style=\"text-align: left;\"><span style=\"color: #808080;\"><strong>SISTEMI I MB\u00cbSHTETJES S\u00cb BAZ\u00cbS:<\/strong>\u00a0Susta (15cm)<\/span><\/p>\n<p style=\"text-align: left;\"><span style=\"color: #808080;\"><strong>MB\u00cbSHTETJE AN\u00cbSORE:<\/strong>\u00a0Shkum\u00eb me dend\u00ebsi t\u00eb lart\u00eb<\/span><\/p>\n<p style=\"text-align: left;\"><span style=\"color: #808080;\"><strong>MBULESA:<\/strong>\u00a0Aloe Vera<\/span><\/p>\n<p style=\"text-align: left;\"><span style=\"color: #808080;\"><strong>UDH\u00cbZIMET E P\u00cbRDORIMIT:<\/strong>\u00a0Dysheku vjen n\u00eb paketim t\u00eb vakumuar i mb\u00ebshtjellur n\u00eb m\u00ebnyr\u00eb hermetike. Pas hapjes, ai merr form\u00ebn brenda 10-20 minutave, por nuk duhet t\u00eb p\u00ebrdoret s\u00eb paku p\u00ebr 24 or\u00ebt e ardhshme. Dysheku nuk duhet t\u00eb ket\u00eb kontakt me ujin.<\/span><\/p>\n<p style=\"text-align: left;\"><span style=\"color: #808080;\"><strong>KUSHTET E KTHIMIT \/ GARANCION: 2 muaj<\/strong><\/span><\/p>\n","protected":false},"featured_media":97683,"template":"","meta":[],"product_cat":[1218,320],"product_tag":[],"class_list":{"0":"post-97687","1":"product","2":"type-product","3":"status-publish","4":"has-post-thumbnail","6":"product_cat-aloe-vera-springs-sq","7":"product_cat-dyshek","9":"first","10":"instock","11":"sale","12":"shipping-taxable","13":"purchasable","14":"product-type-simple","15":"layout-style-1","16":"col-md-4 col-sm-4 col-xs-6","17":"col-lg-3","18":"product-style-default"},"_links":{"self":[{"href":"https:\/\/www.comoditahome.com\/mk\/sq\/wp-json\/wp\/v2\/product\/97687","targetHints":{"allow":["GET"]}}],"collection":[{"href":"https:\/\/www.comoditahome.com\/mk\/sq\/wp-json\/wp\/v2\/product"}],"about":[{"href":"https:\/\/www.comoditahome.com\/mk\/sq\/wp-json\/wp\/v2\/types\/product"}],"version-history":[{"count":2,"href":"https:\/\/www.comoditahome.com\/mk\/sq\/wp-json\/wp\/v2\/product\/97687\/revisions"}],"predecessor-version":[{"id":97696,"href":"https:\/\/www.comoditahome.com\/mk\/sq\/wp-json\/wp\/v2\/product\/97687\/revisions\/97696"}],"wp:featuredmedia":[{"embeddable":true,"href":"https:\/\/www.comoditahome.com\/mk\/sq\/wp-json\/wp\/v2\/media\/97683"}],"wp:attachment":[{"href":"https:\/\/www.comoditahome.com\/mk\/sq\/wp-json\/wp\/v2\/media?parent=97687"}],"wp:term":[{"taxonomy":"product_cat","embeddable":true,"href":"https:\/\/www.comoditahome.com\/mk\/sq\/wp-json\/wp\/v2\/product_cat?post=97687"},{"taxonomy":"product_tag","embeddable":true,"href":"https:\/\/www.comoditahome.com\/mk\/sq\/wp-json\/wp\/v2\/product_tag?post=97687"}],"curies":[{"name":"wp","href":"https:\/\/api.w.org\/{rel}","templated":true}]}}