 {"id":98385,"date":"2026-02-16T12:25:31","date_gmt":"2026-02-16T10:25:31","guid":{"rendered":"https:\/\/www.comoditahome.com\/mk\/product\/%d1%81%d0%b5%d1%82-%d0%b7%d0%b0-%d0%b3%d0%be%d1%82%d0%b2%d0%b5%d1%9a%d0%b5-linea-s-5pcs\/"},"modified":"2026-04-22T08:27:09","modified_gmt":"2026-04-22T06:27:09","slug":"%d1%81%d0%b5%d1%82-%d0%b7%d0%b0-%d0%b3%d0%be%d1%82%d0%b2%d0%b5%d1%9a%d0%b5-linea-s-5pcs","status":"publish","type":"product","link":"https:\/\/www.comoditahome.com\/mk\/sq\/product\/%d1%81%d0%b5%d1%82-%d0%b7%d0%b0-%d0%b3%d0%be%d1%82%d0%b2%d0%b5%d1%9a%d0%b5-linea-s-5pcs\/","title":{"rendered":"Set gatimi Linea S 5pcs"},"content":{"rendered":"","protected":false},"excerpt":{"rendered":"<div class=\"flex flex-col text-sm pb-25\">\n<article class=\"text-token-text-primary w-full focus:outline-none [--shadow-height:45px] has-data-writing-block:pointer-events-none has-data-writing-block:-mt-(--shadow-height) has-data-writing-block:pt-(--shadow-height) [&amp;:has([data-writing-block])&gt;*]:pointer-events-auto scroll-mt-[calc(var(--header-height)+min(200px,max(70px,20svh)))]\" dir=\"auto\" tabindex=\"-1\" data-turn-id=\"request-WEB:38ce8006-ba08-4d74-99b4-6b398232567f-9\" data-testid=\"conversation-turn-4\" data-scroll-anchor=\"true\" data-turn=\"assistant\">\n<div class=\"text-base my-auto mx-auto pb-10 [--thread-content-margin:--spacing(4)] @w-sm\/main:[--thread-content-margin:--spacing(6)] @w-lg\/main:[--thread-content-margin:--spacing(16)] px-(--thread-content-margin)\">\n<div class=\"[--thread-content-max-width:40rem] @w-lg\/main:[--thread-content-max-width:48rem] mx-auto max-w-(--thread-content-max-width) flex-1 group\/turn-messages focus-visible:outline-hidden relative flex w-full min-w-0 flex-col agent-turn\" tabindex=\"-1\">\n<div class=\"flex max-w-full flex-col grow\">\n<div class=\"min-h-8 text-message relative flex w-full flex-col items-end gap-2 text-start break-words whitespace-normal [.text-message+&amp;]:mt-1\" dir=\"auto\" data-message-author-role=\"assistant\" data-message-id=\"e7bb5612-d819-424a-b057-b7d2a61d0599\" data-message-model-slug=\"gpt-5-mini\">\n<div class=\"flex w-full flex-col gap-1 empty:hidden first:pt-[1px]\">\n<div class=\"markdown prose dark:prose-invert w-full wrap-break-word dark markdown-new-styling\">\n<p style=\"text-align: left;\" data-start=\"0\" data-end=\"293\">Ky komplet \u00ebsht\u00eb i dizajnuar p\u00ebr gatim praktik dhe t\u00eb p\u00ebrditsh\u00ebm, me fokus n\u00eb q\u00ebndrueshm\u00ebri, shp\u00ebrndarje t\u00eb nj\u00ebtrajtshme t\u00eb nxeht\u00ebsis\u00eb dhe mir\u00ebmbajtje t\u00eb leht\u00eb. Kombinimi prej alumini dhe veshjes qeramike t\u00eb gjenerat\u00ebs s\u00eb re siguron p\u00ebrdorim t\u00eb sigurt dhe funksional n\u00eb \u00e7do kuzhin\u00eb.<\/p>\n<p style=\"text-align: left;\" data-start=\"295\" data-end=\"320\">Seti p\u00ebrmban (5 pjes\u00eb):<\/p>\n<p style=\"text-align: left;\" data-start=\"322\" data-end=\"421\">\u2022 1x Tenxhere e shesht\u00eb 28 cm me kapak<br data-start=\"360\" data-end=\"363\" \/>\u2022 1x Tenxhere e thell\u00eb 24 cm me kapak<br data-start=\"400\" data-end=\"403\" \/>\u2022 1x Tigan 24 cm<\/p>\n<p style=\"text-align: left;\" data-start=\"423\" data-end=\"441\">Karakteristikat:<\/p>\n<p style=\"text-align: left;\" data-start=\"443\" data-end=\"1125\">\u2022 Materiali: Alumin \u2013 siguron ngrohje t\u00eb shpejt\u00eb dhe t\u00eb barabart\u00eb<br data-start=\"508\" data-end=\"511\" \/>\u2022 Veshja e brendshme: Qeramike KFCC \u2013 gjenerat\u00eb e re me cil\u00ebsi t\u00eb lart\u00eb<br data-start=\"582\" data-end=\"585\" \/>\u2022 Veshja e jashtme: Silikon<br data-start=\"612\" data-end=\"615\" \/>\u2022 Baza: Induksion me pika<br data-start=\"640\" data-end=\"643\" data-is-only-node=\"\" \/>\u2022 Dorezat dhe kapak\u00ebt: Ergonomike me prekje t\u00eb but\u00eb<br data-start=\"694\" data-end=\"697\" \/>\u2022 Trash\u00ebsia an\u00ebsore: 2.0 mm<br data-start=\"725\" data-end=\"728\" \/>\u2022 Trash\u00ebsia e baz\u00ebs: 2.8 mm (siguron stabilitet dhe shp\u00ebrndarje m\u00eb t\u00eb mir\u00eb t\u00eb nxeht\u00ebsis\u00eb; toleranc\u00eb \u00b10.3 mm)<br data-start=\"836\" data-end=\"839\" \/>\u2022 Veshja qeramike mund\u00ebson pastrim t\u00eb leht\u00eb dhe redukton ngjitjen e ushqimit<br data-start=\"915\" data-end=\"918\" \/>\u2022 Dorezat ergonomike ofrojn\u00eb p\u00ebrdorim t\u00eb sigurt dhe t\u00eb rehatsh\u00ebm<br data-start=\"1026\" data-end=\"1029\" \/>\u2022 Seti mbulon nevojat baz\u00eb \u2013 skuqje, zierje dhe p\u00ebrgatitje t\u00eb llojeve t\u00eb ndryshme t\u00eb ushqimeve<\/p>\n<p style=\"text-align: left;\" data-start=\"1127\" data-end=\"1140\" data-is-last-node=\"\" data-is-only-node=\"\"><span style=\"color: #ffffff;\">3905710980918<\/span><\/p>\n<\/div>\n<\/div>\n<\/div>\n<\/div>\n<div class=\"z-0 flex min-h-[46px] justify-start\" style=\"text-align: left;\"><\/div>\n<div class=\"mt-3 w-full empty:hidden\" style=\"text-align: left;\">\n<div class=\"text-center\"><\/div>\n<\/div>\n<\/div>\n<\/div>\n<\/article>\n<\/div>\n<div class=\"pointer-events-none h-px w-px absolute bottom-0\" style=\"text-align: left;\" aria-hidden=\"true\" data-edge=\"true\"><\/div>\n","protected":false},"featured_media":98335,"template":"","meta":[],"product_cat":[331,337],"product_tag":[],"class_list":{"0":"post-98385","1":"product","2":"type-product","3":"status-publish","4":"has-post-thumbnail","6":"product_cat-kuzhine","7":"product_cat-ene-gatimi","9":"first","10":"outofstock","11":"sale","12":"shipping-taxable","13":"purchasable","14":"product-type-simple","15":"layout-style-1","16":"col-md-4 col-sm-4 col-xs-6","17":"col-lg-3","18":"product-style-default"},"_links":{"self":[{"href":"https:\/\/www.comoditahome.com\/mk\/sq\/wp-json\/wp\/v2\/product\/98385","targetHints":{"allow":["GET"]}}],"collection":[{"href":"https:\/\/www.comoditahome.com\/mk\/sq\/wp-json\/wp\/v2\/product"}],"about":[{"href":"https:\/\/www.comoditahome.com\/mk\/sq\/wp-json\/wp\/v2\/types\/product"}],"version-history":[{"count":1,"href":"https:\/\/www.comoditahome.com\/mk\/sq\/wp-json\/wp\/v2\/product\/98385\/revisions"}],"predecessor-version":[{"id":98386,"href":"https:\/\/www.comoditahome.com\/mk\/sq\/wp-json\/wp\/v2\/product\/98385\/revisions\/98386"}],"wp:featuredmedia":[{"embeddable":true,"href":"https:\/\/www.comoditahome.com\/mk\/sq\/wp-json\/wp\/v2\/media\/98335"}],"wp:attachment":[{"href":"https:\/\/www.comoditahome.com\/mk\/sq\/wp-json\/wp\/v2\/media?parent=98385"}],"wp:term":[{"taxonomy":"product_cat","embeddable":true,"href":"https:\/\/www.comoditahome.com\/mk\/sq\/wp-json\/wp\/v2\/product_cat?post=98385"},{"taxonomy":"product_tag","embeddable":true,"href":"https:\/\/www.comoditahome.com\/mk\/sq\/wp-json\/wp\/v2\/product_tag?post=98385"}],"curies":[{"name":"wp","href":"https:\/\/api.w.org\/{rel}","templated":true}]}}