 {"id":98392,"date":"2026-02-16T12:52:09","date_gmt":"2026-02-16T10:52:09","guid":{"rendered":"https:\/\/www.comoditahome.com\/mk\/product\/%d1%81%d0%b5%d1%82-%d0%b7%d0%b0-%d0%b3%d0%be%d1%82%d0%b2%d0%b5%d1%9a%d0%b5-essenza-trio-3pcs\/"},"modified":"2026-04-16T10:05:21","modified_gmt":"2026-04-16T08:05:21","slug":"%d1%81%d0%b5%d1%82-%d0%b7%d0%b0-%d0%b3%d0%be%d1%82%d0%b2%d0%b5%d1%9a%d0%b5-essenza-trio-3pcs","status":"publish","type":"product","link":"https:\/\/www.comoditahome.com\/mk\/sq\/product\/%d1%81%d0%b5%d1%82-%d0%b7%d0%b0-%d0%b3%d0%be%d1%82%d0%b2%d0%b5%d1%9a%d0%b5-essenza-trio-3pcs\/","title":{"rendered":"Set tigan\u00ebsh Essenza Trio 3pcs"},"content":{"rendered":"","protected":false},"excerpt":{"rendered":"<p style=\"text-align: left;\" data-start=\"0\" data-end=\"309\">Ky komplet \u00ebsht\u00eb i dizajnuar p\u00ebr gatim praktik dhe t\u00eb ndrysh\u00ebm, duke ofruar mund\u00ebsin\u00eb p\u00ebr t\u00eb zgjedhur madh\u00ebsin\u00eb e duhur sipas sasis\u00eb dhe llojit t\u00eb ushqimit. Kombinimi prej alumini dhe baz\u00ebs s\u00eb p\u00ebrforcuar me induksion siguron shp\u00ebrndarje t\u00eb nj\u00ebtrajtshme t\u00eb nxeht\u00ebsis\u00eb dhe stabilitet n\u00eb \u00e7do p\u00ebrdorim.<\/p>\n<p style=\"text-align: left;\" data-start=\"311\" data-end=\"336\">Seti p\u00ebrmban (3 pjes\u00eb):<\/p>\n<p style=\"text-align: left;\" data-start=\"338\" data-end=\"394\">\u2022 1x Tigan 20 cm<br data-start=\"354\" data-end=\"357\" \/>\u2022 1x Tigan 24 cm<br data-start=\"373\" data-end=\"376\" \/>\u2022 1x Tigan 28 cm<\/p>\n<p style=\"text-align: left;\" data-start=\"396\" data-end=\"414\">Karakteristikat:<\/p>\n<p style=\"text-align: left;\" data-start=\"416\" data-end=\"952\">\u2022 Materiali: Alumin \u2013 ngrohje e shpejt\u00eb dhe gatim i nj\u00ebtrajtsh\u00ebm<br data-start=\"480\" data-end=\"483\" \/>\u2022 Veshja e brendshme: Qeramike KFCC \u2013 gjenerat\u00eb m\u00eb e re me cil\u00ebsi t\u00eb lart\u00eb, pastrim i leht\u00eb dhe ngjitje e reduktuar<br data-start=\"598\" data-end=\"601\" \/>\u2022 Veshja e jashtme: Silikon<br data-start=\"628\" data-end=\"631\" \/>\u2022 Baza: Induksion me pika \u2013 kompatibilitet me lloje t\u00eb ndryshme sobash<br data-start=\"701\" data-end=\"704\" data-is-only-node=\"\" \/>\u2022 Dorezat: Ergonomik me prekje t\u00eb but\u00eb \u2013 mbajtje e sigurt dhe e rehatshme<br data-start=\"777\" data-end=\"780\" \/>\u2022 Trash\u00ebsia an\u00ebsoreve\u00a0 \/ baz\u00ebs: 2.0 mm \/ 4.0 mm<br data-start=\"825\" data-end=\"828\" \/>\u2022 Baza e p\u00ebrforcuar 4.0 mm \u2013 ofron stabilitet m\u00eb t\u00eb mir\u00eb dhe shp\u00ebrndarje t\u00eb nj\u00ebtrajtshme t\u00eb nxeht\u00ebsis\u00eb (toleranc\u00eb \u00b10.3 mm)<\/p>\n<p style=\"text-align: left;\" data-start=\"954\" data-end=\"967\" data-is-last-node=\"\" data-is-only-node=\"\"><span style=\"color: #ffffff;\">3905710980956<\/span><\/p>\n","protected":false},"featured_media":98354,"template":"","meta":[],"product_cat":[331,337],"product_tag":[],"class_list":{"0":"post-98392","1":"product","2":"type-product","3":"status-publish","4":"has-post-thumbnail","6":"product_cat-kuzhine","7":"product_cat-ene-gatimi","9":"first","10":"instock","11":"sale","12":"shipping-taxable","13":"purchasable","14":"product-type-simple","15":"layout-style-1","16":"col-md-4 col-sm-4 col-xs-6","17":"col-lg-3","18":"product-style-default"},"_links":{"self":[{"href":"https:\/\/www.comoditahome.com\/mk\/sq\/wp-json\/wp\/v2\/product\/98392","targetHints":{"allow":["GET"]}}],"collection":[{"href":"https:\/\/www.comoditahome.com\/mk\/sq\/wp-json\/wp\/v2\/product"}],"about":[{"href":"https:\/\/www.comoditahome.com\/mk\/sq\/wp-json\/wp\/v2\/types\/product"}],"version-history":[{"count":1,"href":"https:\/\/www.comoditahome.com\/mk\/sq\/wp-json\/wp\/v2\/product\/98392\/revisions"}],"predecessor-version":[{"id":98393,"href":"https:\/\/www.comoditahome.com\/mk\/sq\/wp-json\/wp\/v2\/product\/98392\/revisions\/98393"}],"wp:featuredmedia":[{"embeddable":true,"href":"https:\/\/www.comoditahome.com\/mk\/sq\/wp-json\/wp\/v2\/media\/98354"}],"wp:attachment":[{"href":"https:\/\/www.comoditahome.com\/mk\/sq\/wp-json\/wp\/v2\/media?parent=98392"}],"wp:term":[{"taxonomy":"product_cat","embeddable":true,"href":"https:\/\/www.comoditahome.com\/mk\/sq\/wp-json\/wp\/v2\/product_cat?post=98392"},{"taxonomy":"product_tag","embeddable":true,"href":"https:\/\/www.comoditahome.com\/mk\/sq\/wp-json\/wp\/v2\/product_tag?post=98392"}],"curies":[{"name":"wp","href":"https:\/\/api.w.org\/{rel}","templated":true}]}}