 {"id":98394,"date":"2026-02-16T12:55:01","date_gmt":"2026-02-16T10:55:01","guid":{"rendered":"https:\/\/www.comoditahome.com\/mk\/product\/%d1%82%d0%b0%d0%b2%d0%b0-%d0%b7%d0%b0-%d0%bf%d0%b0%d0%bb%d0%b0%d1%87%d0%b8%d0%bd%d0%ba%d0%b8-linea-natura\/"},"modified":"2026-04-16T10:05:21","modified_gmt":"2026-04-16T08:05:21","slug":"%d1%82%d0%b0%d0%b2%d0%b0-%d0%b7%d0%b0-%d0%bf%d0%b0%d0%bb%d0%b0%d1%87%d0%b8%d0%bd%d0%ba%d0%b8-linea-natura","status":"publish","type":"product","link":"https:\/\/www.comoditahome.com\/mk\/sq\/product\/%d1%82%d0%b0%d0%b2%d0%b0-%d0%b7%d0%b0-%d0%bf%d0%b0%d0%bb%d0%b0%d1%87%d0%b8%d0%bd%d0%ba%d0%b8-linea-natura\/","title":{"rendered":"Tigan Linea Natura"},"content":{"rendered":"","protected":false},"excerpt":{"rendered":"<p style=\"text-align: left;\" data-start=\"0\" data-end=\"297\">Ky tigan \u00ebsht\u00eb dizajnuar ve\u00e7an\u00ebrisht p\u00ebr p\u00ebrgatitjen e pancakes, omleteve dhe ushqimeve t\u00eb tjera t\u00eb holla, duke ofruar gatim t\u00eb nj\u00ebtrajtsh\u00ebm dhe p\u00ebrdorim t\u00eb leht\u00eb. Kombinimi prej alumini dhe veshjes qeramike t\u00eb gjenerat\u00ebs m\u00eb t\u00eb re siguron praktik\u00eb dhe siguri p\u00ebr p\u00ebrdorim t\u00eb p\u00ebrditsh\u00ebm.<\/p>\n<p style=\"text-align: left;\" data-start=\"299\" data-end=\"317\">Karakteristikat:<\/p>\n<p style=\"text-align: left;\" data-start=\"319\" data-end=\"775\">\u2022 Materiali: Alumin \u2013 ngrohje e shpejt\u00eb dhe shp\u00ebrndarje e nj\u00ebtrajtshme e nxeht\u00ebsis\u00eb<br data-start=\"402\" data-end=\"405\" \/>\u2022 Veshja e brendshme: Qeramike KFCC \u2013 gjenerat\u00eb m\u00eb e re me cil\u00ebsi t\u00eb lart\u00eb, e leht\u00eb p\u00ebr pastrim dhe me ngjitje t\u00eb reduktuar<br data-start=\"528\" data-end=\"531\" \/>\u2022 Veshja e jashtme: Silikon<br data-start=\"558\" data-end=\"561\" \/>\u2022 Baza: Induksion me pika \u2013 kompatibilitet me shum\u00eb lloje sobash<br data-start=\"625\" data-end=\"628\" \/>\u2022 Doreza: Ergonomik me prekje t\u00eb but\u00eb \u2013 mbajtje e sigurt dhe e rehatshme<br data-start=\"700\" data-end=\"703\" \/>\u2022 Trash\u00ebsia e baz\u00ebs: 2.3 mm (toleranc\u00eb \u00b10.3 mm)<br data-start=\"750\" data-end=\"753\" \/>\u2022 Dimensioni: 24 cm<\/p>\n<p style=\"text-align: left;\" data-start=\"777\" data-end=\"790\" data-is-last-node=\"\" data-is-only-node=\"\"><span style=\"color: #ffffff;\">3905710980963<\/span><\/p>\n","protected":false},"featured_media":98359,"template":"","meta":[],"product_cat":[331,337],"product_tag":[],"class_list":{"0":"post-98394","1":"product","2":"type-product","3":"status-publish","4":"has-post-thumbnail","6":"product_cat-kuzhine","7":"product_cat-ene-gatimi","9":"first","10":"instock","11":"sale","12":"shipping-taxable","13":"purchasable","14":"product-type-simple","15":"layout-style-1","16":"col-md-4 col-sm-4 col-xs-6","17":"col-lg-3","18":"product-style-default"},"_links":{"self":[{"href":"https:\/\/www.comoditahome.com\/mk\/sq\/wp-json\/wp\/v2\/product\/98394","targetHints":{"allow":["GET"]}}],"collection":[{"href":"https:\/\/www.comoditahome.com\/mk\/sq\/wp-json\/wp\/v2\/product"}],"about":[{"href":"https:\/\/www.comoditahome.com\/mk\/sq\/wp-json\/wp\/v2\/types\/product"}],"version-history":[{"count":1,"href":"https:\/\/www.comoditahome.com\/mk\/sq\/wp-json\/wp\/v2\/product\/98394\/revisions"}],"predecessor-version":[{"id":98395,"href":"https:\/\/www.comoditahome.com\/mk\/sq\/wp-json\/wp\/v2\/product\/98394\/revisions\/98395"}],"wp:featuredmedia":[{"embeddable":true,"href":"https:\/\/www.comoditahome.com\/mk\/sq\/wp-json\/wp\/v2\/media\/98359"}],"wp:attachment":[{"href":"https:\/\/www.comoditahome.com\/mk\/sq\/wp-json\/wp\/v2\/media?parent=98394"}],"wp:term":[{"taxonomy":"product_cat","embeddable":true,"href":"https:\/\/www.comoditahome.com\/mk\/sq\/wp-json\/wp\/v2\/product_cat?post=98394"},{"taxonomy":"product_tag","embeddable":true,"href":"https:\/\/www.comoditahome.com\/mk\/sq\/wp-json\/wp\/v2\/product_tag?post=98394"}],"curies":[{"name":"wp","href":"https:\/\/api.w.org\/{rel}","templated":true}]}}