 {"id":98396,"date":"2026-02-16T13:00:40","date_gmt":"2026-02-16T11:00:40","guid":{"rendered":"https:\/\/www.comoditahome.com\/mk\/product\/%d0%be%d0%b2%d0%b0%d0%bb%d0%bd%d0%b0-%d1%82%d0%b0%d0%b2%d0%b0-black\/"},"modified":"2026-04-16T10:05:22","modified_gmt":"2026-04-16T08:05:22","slug":"%d0%be%d0%b2%d0%b0%d0%bb%d0%bd%d0%b0-%d1%82%d0%b0%d0%b2%d0%b0-black","status":"publish","type":"product","link":"https:\/\/www.comoditahome.com\/mk\/sq\/product\/%d0%be%d0%b2%d0%b0%d0%bb%d0%bd%d0%b0-%d1%82%d0%b0%d0%b2%d0%b0-black\/","title":{"rendered":"Tav\u00eb e zez\u00eb ovale"},"content":{"rendered":"","protected":false},"excerpt":{"rendered":"<p style=\"text-align: left;\" data-start=\"0\" data-end=\"331\">Ky tigan oval \u00ebsht\u00eb i dizajnuar p\u00ebr p\u00ebrgatitjen e mishit, peshkut, perimeve dhe ushqimeve t\u00eb tjera q\u00eb k\u00ebrkojn\u00eb sip\u00ebrfaqe m\u00eb t\u00eb madhe dhe gatim t\u00eb nj\u00ebtrajtsh\u00ebm. Kombinimi prej alumini, veshjes qeramike t\u00eb gjenerat\u00ebs m\u00eb t\u00eb re dhe baz\u00ebs s\u00eb p\u00ebrforcuar me induksion siguron p\u00ebrdorim praktik dhe t\u00eb q\u00ebndruesh\u00ebm n\u00eb \u00e7do kuzhin\u00eb.<\/p>\n<p style=\"text-align: left;\" data-start=\"333\" data-end=\"351\">Karakteristikat:<\/p>\n<p style=\"text-align: left;\" data-start=\"353\" data-end=\"901\">\u2022 Materiali: Alumin \u2013 ngrohje e shpejt\u00eb dhe shp\u00ebrndarje e nj\u00ebtrajtshme e nxeht\u00ebsis\u00eb<br data-start=\"436\" data-end=\"439\" \/>\u2022 Veshja e brendshme: Qeramike KFCC \u2013 gjenerat\u00eb m\u00eb e re me cil\u00ebsi t\u00eb lart\u00eb, e leht\u00eb p\u00ebr pastrim dhe me ngjitje t\u00eb reduktuar<br data-start=\"562\" data-end=\"565\" \/>\u2022 Veshja e jashtme: Silikon<br data-start=\"592\" data-end=\"595\" \/>\u2022 Baza: Induksion me pika \u2013 kompatibilitet me shum\u00eb lloje sobash<br data-start=\"659\" data-end=\"662\" \/>\u2022 Dorezat dhe kapaku: Ergonomik me prekje t\u00eb but\u00eb \u2013 p\u00ebrdorim i sigurt dhe i rehatsh\u00ebm<br data-start=\"747\" data-end=\"750\" \/>\u2022 Trash\u00ebsia an\u00ebsore \/ baz\u00ebs: 2.0 mm \/ 4.0 mm<br data-start=\"795\" data-end=\"798\" \/>\u2022 Baza e p\u00ebrforcuar \u2013 siguron stabilitet dhe shp\u00ebrndarje m\u00eb t\u00eb mir\u00eb t\u00eb nxeht\u00ebsis\u00eb (toleranc\u00eb \u00b10.3 mm)<\/p>\n<p style=\"text-align: left;\" data-start=\"903\" data-end=\"916\" data-is-last-node=\"\" data-is-only-node=\"\"><span style=\"color: #ffffff;\">3905710980987<\/span><\/p>\n","protected":false},"featured_media":98366,"template":"","meta":[],"product_cat":[331,337],"product_tag":[],"class_list":{"0":"post-98396","1":"product","2":"type-product","3":"status-publish","4":"has-post-thumbnail","6":"product_cat-kuzhine","7":"product_cat-ene-gatimi","9":"first","10":"outofstock","11":"sale","12":"shipping-taxable","13":"purchasable","14":"product-type-simple","15":"layout-style-1","16":"col-md-4 col-sm-4 col-xs-6","17":"col-lg-3","18":"product-style-default"},"_links":{"self":[{"href":"https:\/\/www.comoditahome.com\/mk\/sq\/wp-json\/wp\/v2\/product\/98396","targetHints":{"allow":["GET"]}}],"collection":[{"href":"https:\/\/www.comoditahome.com\/mk\/sq\/wp-json\/wp\/v2\/product"}],"about":[{"href":"https:\/\/www.comoditahome.com\/mk\/sq\/wp-json\/wp\/v2\/types\/product"}],"version-history":[{"count":1,"href":"https:\/\/www.comoditahome.com\/mk\/sq\/wp-json\/wp\/v2\/product\/98396\/revisions"}],"predecessor-version":[{"id":98397,"href":"https:\/\/www.comoditahome.com\/mk\/sq\/wp-json\/wp\/v2\/product\/98396\/revisions\/98397"}],"wp:featuredmedia":[{"embeddable":true,"href":"https:\/\/www.comoditahome.com\/mk\/sq\/wp-json\/wp\/v2\/media\/98366"}],"wp:attachment":[{"href":"https:\/\/www.comoditahome.com\/mk\/sq\/wp-json\/wp\/v2\/media?parent=98396"}],"wp:term":[{"taxonomy":"product_cat","embeddable":true,"href":"https:\/\/www.comoditahome.com\/mk\/sq\/wp-json\/wp\/v2\/product_cat?post=98396"},{"taxonomy":"product_tag","embeddable":true,"href":"https:\/\/www.comoditahome.com\/mk\/sq\/wp-json\/wp\/v2\/product_tag?post=98396"}],"curies":[{"name":"wp","href":"https:\/\/api.w.org\/{rel}","templated":true}]}}