 {"id":98530,"date":"2026-03-02T13:48:53","date_gmt":"2026-03-02T11:48:53","guid":{"rendered":"https:\/\/www.comoditahome.com\/mk\/product\/%d1%81%d0%b5%d1%82-%d1%87%d0%b8%d0%bd%d0%b8%d0%b8-royal-lace\/"},"modified":"2026-05-05T22:10:53","modified_gmt":"2026-05-05T20:10:53","slug":"%d1%81%d0%b5%d1%82-%d1%87%d0%b8%d0%bd%d0%b8%d0%b8-royal-lace","status":"publish","type":"product","link":"https:\/\/www.comoditahome.com\/mk\/sq\/product\/%d1%81%d0%b5%d1%82-%d1%87%d0%b8%d0%bd%d0%b8%d0%b8-royal-lace\/","title":{"rendered":"Set pjatash ROYAL LACE"},"content":{"rendered":"","protected":false},"excerpt":{"rendered":"<div class=\"x_elementToProof\" style=\"text-align: left;\" data-olk-copy-source=\"MessageBody\">Seti i pjatave Royal Lace elegant \u00ebsht\u00eb zgjedhja ideale p\u00ebr ata q\u00eb vler\u00ebsojn\u00eb stilin klasik dhe fines\u00ebn n\u00eb tryez\u00eb. Me nj\u00eb dizajn delikat n\u00eb nuanca t\u00eb buta bezh\u00eb dhe t\u00eb bardh\u00eb, i zbukuruar me motive t\u00eb rafinuara dhe buz\u00eb t\u00eb arta, ky set sjell nj\u00eb pamje luksoze dhe harmonike n\u00eb \u00e7do ambient.<\/div>\n<div class=\"x_elementToProof\" style=\"text-align: left;\"><b>Dimensioni \/ Kompozicioni:<\/b>\u00a0\u202fSeti ka 18 pjes\u00eb: 6x pjata p\u00ebr ushqim, 6x pjata p\u00ebr sup\u00eb, 6x pjata p\u00ebr desert.<\/div>\n<div class=\"x_elementToProof\" style=\"text-align: left;\"><b>NGJYRA:<\/b>\u00a0Me dizajn<\/div>\n<div class=\"x_elementToProof\" style=\"text-align: left;\"><b>MATERIALI:<\/b>\u00a0Porcelan<\/div>\n<div class=\"x_elementToProof\" style=\"text-align: left;\"><b>UDH\u00cbZIMET E P\u00cbRDORIMIT:\u00a0<\/b>\u202fT\u00eb pastrohen me dor\u00eb<b>\u00a0<\/b><\/div>\n<p style=\"text-align: left;\" data-start=\"451\" data-end=\"640\"><span style=\"color: #ffffff;\">3905710930104<\/span><\/p>\n","protected":false},"featured_media":98519,"template":"","meta":[],"product_cat":[354,359],"product_tag":[],"class_list":{"0":"post-98530","1":"product","2":"type-product","3":"status-publish","4":"has-post-thumbnail","6":"product_cat-tryeze","7":"product_cat-set-pjatash","9":"first","10":"instock","11":"sale","12":"shipping-taxable","13":"purchasable","14":"product-type-simple","15":"layout-style-1","16":"col-md-4 col-sm-4 col-xs-6","17":"col-lg-3","18":"product-has-gallery","19":"product-style-default"},"_links":{"self":[{"href":"https:\/\/www.comoditahome.com\/mk\/sq\/wp-json\/wp\/v2\/product\/98530","targetHints":{"allow":["GET"]}}],"collection":[{"href":"https:\/\/www.comoditahome.com\/mk\/sq\/wp-json\/wp\/v2\/product"}],"about":[{"href":"https:\/\/www.comoditahome.com\/mk\/sq\/wp-json\/wp\/v2\/types\/product"}],"version-history":[{"count":1,"href":"https:\/\/www.comoditahome.com\/mk\/sq\/wp-json\/wp\/v2\/product\/98530\/revisions"}],"predecessor-version":[{"id":98532,"href":"https:\/\/www.comoditahome.com\/mk\/sq\/wp-json\/wp\/v2\/product\/98530\/revisions\/98532"}],"wp:featuredmedia":[{"embeddable":true,"href":"https:\/\/www.comoditahome.com\/mk\/sq\/wp-json\/wp\/v2\/media\/98519"}],"wp:attachment":[{"href":"https:\/\/www.comoditahome.com\/mk\/sq\/wp-json\/wp\/v2\/media?parent=98530"}],"wp:term":[{"taxonomy":"product_cat","embeddable":true,"href":"https:\/\/www.comoditahome.com\/mk\/sq\/wp-json\/wp\/v2\/product_cat?post=98530"},{"taxonomy":"product_tag","embeddable":true,"href":"https:\/\/www.comoditahome.com\/mk\/sq\/wp-json\/wp\/v2\/product_tag?post=98530"}],"curies":[{"name":"wp","href":"https:\/\/api.w.org\/{rel}","templated":true}]}}