 {"id":98616,"date":"2026-03-04T11:44:53","date_gmt":"2026-03-04T09:44:53","guid":{"rendered":"https:\/\/www.comoditahome.com\/mk\/product\/%d0%bd%d0%b0%d0%b2%d0%bb%d0%b0%d0%b6%d0%bd%d1%83%d0%b2%d0%b0%d1%87-%d0%bd%d0%b0-%d0%b2%d0%be%d0%b7%d0%b4%d1%83%d1%85-breeze-m-white\/"},"modified":"2026-05-05T22:10:53","modified_gmt":"2026-05-05T20:10:53","slug":"%d0%bd%d0%b0%d0%b2%d0%bb%d0%b0%d0%b6%d0%bd%d1%83%d0%b2%d0%b0%d1%87-%d0%bd%d0%b0-%d0%b2%d0%be%d0%b7%d0%b4%d1%83%d1%85-breeze-m-white","status":"publish","type":"product","link":"https:\/\/www.comoditahome.com\/mk\/sq\/product\/%d0%bd%d0%b0%d0%b2%d0%bb%d0%b0%d0%b6%d0%bd%d1%83%d0%b2%d0%b0%d1%87-%d0%bd%d0%b0-%d0%b2%d0%be%d0%b7%d0%b4%d1%83%d1%85-breeze-m-white\/","title":{"rendered":"Breeze air humidifier M White"},"content":{"rendered":"","protected":false},"excerpt":{"rendered":"<p style=\"text-align: left;\"><span data-contrast=\"auto\">Breeze Air Humidifier\u00a0\u00ebsht\u00eb\u00a0nj\u00eb\u00a0lag\u00ebshtues\u00a0ajri\u00a0ultrasonik\u00a0me 3\u00a0funksione\u00a0n\u00eb\u00a0nj\u00eb\u00a0pajisje. Ai\u00a0rregullon\u00a0lag\u00ebshtin\u00eb\u00a0e\u00a0ajrit\u00a0fal\u00eb\u00a0rezervuarit\u00a0me\u00a0kapacitet\u00a02.8 litra,\u00a0ofron\u00a0ndri\u00e7im\u00a0nat\u00ebn\u00a0me LED\u00a0shum\u00ebngjyr\u00ebsh\u00a0p\u00ebr\u00a0t\u00eb\u00a0zbukuruar\u00a0ambientin\u00a0e\u00a0sht\u00ebpis\u00eb\u00a0dhe\u00a0shp\u00ebrndan\u00a0arom\u00eb\u00a0t\u00eb\u00a0k\u00ebndshme. I\u00a0p\u00ebrshtatsh\u00ebm\u00a0p\u00ebr\u00a0dhoma\u00a010\u201315 m\u00b2, duke\u00a0p\u00ebrfshir\u00eb\u00a0edhe\u00a0dhom\u00ebn\u00a0e\u00a0f\u00ebmij\u00ebs\u00a0tuaj.<\/span><span data-ccp-props=\"{}\">\u00a0<\/span><\/p>\n<p style=\"text-align: left;\"><b><span data-contrast=\"auto\">Karakteristikat\u00a0kryesore:<\/span><\/b><span data-ccp-props=\"{}\">\u00a0<\/span><\/p>\n<ul style=\"text-align: left;\">\n<li aria-setsize=\"-1\" data-leveltext=\"\uf0b7\" data-font=\"Symbol\" data-listid=\"1\" data-list-defn-props=\"{&quot;335552541&quot;:1,&quot;335559685&quot;:720,&quot;335559991&quot;:360,&quot;469769226&quot;:&quot;Symbol&quot;,&quot;469769242&quot;:[8226],&quot;469777803&quot;:&quot;left&quot;,&quot;469777804&quot;:&quot;\uf0b7&quot;,&quot;469777815&quot;:&quot;multilevel&quot;}\" data-aria-posinset=\"1\" data-aria-level=\"1\"><span data-contrast=\"auto\">Rezervuar\u00a0uji\u00a0i\u00a0heqsh\u00ebm,\u00a0i\u00a0leht\u00eb\u00a0p\u00ebr\u00a0t\u2019u\u00a0transportuar\u00a0dhe\u00a0rimbushur.<\/span><span data-ccp-props=\"{}\">\u00a0<\/span><\/li>\n<\/ul>\n<ul style=\"text-align: left;\">\n<li aria-setsize=\"-1\" data-leveltext=\"\uf0b7\" data-font=\"Symbol\" data-listid=\"1\" data-list-defn-props=\"{&quot;335552541&quot;:1,&quot;335559685&quot;:720,&quot;335559991&quot;:360,&quot;469769226&quot;:&quot;Symbol&quot;,&quot;469769242&quot;:[8226],&quot;469777803&quot;:&quot;left&quot;,&quot;469777804&quot;:&quot;\uf0b7&quot;,&quot;469777815&quot;:&quot;multilevel&quot;}\" data-aria-posinset=\"2\" data-aria-level=\"1\"><span data-contrast=\"auto\">Fikje\u00a0automatike\u00a0kur\u00a0nuk\u00a0ka\u00a0uj\u00eb;\u00a0drita\u00a0treguese\u00a0b\u00ebhet\u00a0e\u00a0kuqe\u00a0kur\u00a0rezervuari\u00a0\u00ebsht\u00eb\u00a0bosh.<\/span><span data-ccp-props=\"{}\">\u00a0<\/span><\/li>\n<\/ul>\n<ul style=\"text-align: left;\">\n<li aria-setsize=\"-1\" data-leveltext=\"\uf0b7\" data-font=\"Symbol\" data-listid=\"1\" data-list-defn-props=\"{&quot;335552541&quot;:1,&quot;335559685&quot;:720,&quot;335559991&quot;:360,&quot;469769226&quot;:&quot;Symbol&quot;,&quot;469769242&quot;:[8226],&quot;469777803&quot;:&quot;left&quot;,&quot;469777804&quot;:&quot;\uf0b7&quot;,&quot;469777815&quot;:&quot;multilevel&quot;}\" data-aria-posinset=\"3\" data-aria-level=\"1\"><span data-contrast=\"auto\">Ndri\u00e7im\u00a0shum\u00ebngjyr\u00ebsh\u00a0p\u00ebr\u00a0nj\u00eb\u00a0pamje\u00a0fantastike\u00a0gjat\u00eb\u00a0nat\u00ebs.<\/span><span data-ccp-props=\"{}\">\u00a0<\/span><\/li>\n<\/ul>\n<ul style=\"text-align: left;\">\n<li aria-setsize=\"-1\" data-leveltext=\"\uf0b7\" data-font=\"Symbol\" data-listid=\"1\" data-list-defn-props=\"{&quot;335552541&quot;:1,&quot;335559685&quot;:720,&quot;335559991&quot;:360,&quot;469769226&quot;:&quot;Symbol&quot;,&quot;469769242&quot;:[8226],&quot;469777803&quot;:&quot;left&quot;,&quot;469777804&quot;:&quot;\uf0b7&quot;,&quot;469777815&quot;:&quot;multilevel&quot;}\" data-aria-posinset=\"4\" data-aria-level=\"1\"><span data-contrast=\"auto\">Difuzor\u00a0aromash\u00a0p\u00ebr\u00a0p\u00ebrvoj\u00eb\u00a0relaksuese.<\/span><span data-ccp-props=\"{}\">\u00a0<\/span><\/li>\n<\/ul>\n<ul style=\"text-align: left;\">\n<li aria-setsize=\"-1\" data-leveltext=\"\uf0b7\" data-font=\"Symbol\" data-listid=\"1\" data-list-defn-props=\"{&quot;335552541&quot;:1,&quot;335559685&quot;:720,&quot;335559991&quot;:360,&quot;469769226&quot;:&quot;Symbol&quot;,&quot;469769242&quot;:[8226],&quot;469777803&quot;:&quot;left&quot;,&quot;469777804&quot;:&quot;\uf0b7&quot;,&quot;469777815&quot;:&quot;multilevel&quot;}\" data-aria-posinset=\"5\" data-aria-level=\"1\"><span data-contrast=\"auto\">Sistem\u00a0filtrimi\u00a0i\u00a0ujit\u00a0me\u00a0jone\u00a0negative\u00a0p\u00ebr\u00a0t\u00eb\u00a0shp\u00ebrndar\u00eb\u00a0mjegull\u00a0uji\u00a0t\u00eb\u00a0fresk\u00ebt\u00a0dhe\u00a0t\u00eb\u00a0past\u00ebr.<\/span><span data-ccp-props=\"{}\">\u00a0<\/span><\/li>\n<\/ul>\n<ul style=\"text-align: left;\">\n<li aria-setsize=\"-1\" data-leveltext=\"\uf0b7\" data-font=\"Symbol\" data-listid=\"1\" data-list-defn-props=\"{&quot;335552541&quot;:1,&quot;335559685&quot;:720,&quot;335559991&quot;:360,&quot;469769226&quot;:&quot;Symbol&quot;,&quot;469769242&quot;:[8226],&quot;469777803&quot;:&quot;left&quot;,&quot;469777804&quot;:&quot;\uf0b7&quot;,&quot;469777815&quot;:&quot;multilevel&quot;}\" data-aria-posinset=\"6\" data-aria-level=\"1\"><span data-contrast=\"auto\">Ideal p\u00ebr dhoma me sip\u00ebrfaqe nga 20 deri n\u00eb 30 metra katrore.<\/span><span data-ccp-props=\"{}\">\u00a0<\/span><\/li>\n<\/ul>\n<ul style=\"text-align: left;\">\n<li aria-setsize=\"-1\" data-leveltext=\"\uf0b7\" data-font=\"Symbol\" data-listid=\"1\" data-list-defn-props=\"{&quot;335552541&quot;:1,&quot;335559685&quot;:720,&quot;335559991&quot;:360,&quot;469769226&quot;:&quot;Symbol&quot;,&quot;469769242&quot;:[8226],&quot;469777803&quot;:&quot;left&quot;,&quot;469777804&quot;:&quot;\uf0b7&quot;,&quot;469777815&quot;:&quot;multilevel&quot;}\" data-aria-posinset=\"7\" data-aria-level=\"1\"><span data-contrast=\"auto\">I\u00a0leht\u00eb\u00a0p\u00ebr\u00a0t\u2019u\u00a0p\u00ebrdorur\u00a0dhe\u00a0pastruar,\u00a0perfekt\u00a0p\u00ebr\u00a0sht\u00ebpi\u00a0apo\u00a0zyr\u00eb.<\/span><span data-ccp-props=\"{}\">\u00a0<\/span><\/li>\n<\/ul>\n<p style=\"text-align: left;\"><b><span data-contrast=\"auto\">Specifikimet\u00a0teknike:<\/span><\/b><span data-ccp-props=\"{}\">\u00a0<\/span><\/p>\n<ul style=\"text-align: left;\">\n<li aria-setsize=\"-1\" data-leveltext=\"\uf0b7\" data-font=\"Symbol\" data-listid=\"2\" data-list-defn-props=\"{&quot;335552541&quot;:1,&quot;335559685&quot;:720,&quot;335559991&quot;:360,&quot;469769226&quot;:&quot;Symbol&quot;,&quot;469769242&quot;:[8226],&quot;469777803&quot;:&quot;left&quot;,&quot;469777804&quot;:&quot;\uf0b7&quot;,&quot;469777815&quot;:&quot;multilevel&quot;}\" data-aria-posinset=\"1\" data-aria-level=\"1\"><span data-contrast=\"auto\">Tensioni: 100\u2013240V, 50\/60Hz<\/span><span data-ccp-props=\"{}\">\u00a0<\/span><\/li>\n<\/ul>\n<ul style=\"text-align: left;\">\n<li aria-setsize=\"-1\" data-leveltext=\"\uf0b7\" data-font=\"Symbol\" data-listid=\"2\" data-list-defn-props=\"{&quot;335552541&quot;:1,&quot;335559685&quot;:720,&quot;335559991&quot;:360,&quot;469769226&quot;:&quot;Symbol&quot;,&quot;469769242&quot;:[8226],&quot;469777803&quot;:&quot;left&quot;,&quot;469777804&quot;:&quot;\uf0b7&quot;,&quot;469777815&quot;:&quot;multilevel&quot;}\" data-aria-posinset=\"2\" data-aria-level=\"1\"><span data-contrast=\"auto\">Fuqia: 21W<\/span><span data-ccp-props=\"{}\">\u00a0<\/span><\/li>\n<\/ul>\n<ul style=\"text-align: left;\">\n<li aria-setsize=\"-1\" data-leveltext=\"\uf0b7\" data-font=\"Symbol\" data-listid=\"2\" data-list-defn-props=\"{&quot;335552541&quot;:1,&quot;335559685&quot;:720,&quot;335559991&quot;:360,&quot;469769226&quot;:&quot;Symbol&quot;,&quot;469769242&quot;:[8226],&quot;469777803&quot;:&quot;left&quot;,&quot;469777804&quot;:&quot;\uf0b7&quot;,&quot;469777815&quot;:&quot;multilevel&quot;}\" data-aria-posinset=\"3\" data-aria-level=\"1\"><span data-contrast=\"auto\">Kapaciteti\u00a0i\u00a0mbushjes\u00a0me\u00a0uj\u00eb: 2.8L<\/span><span data-ccp-props=\"{}\">\u00a0<\/span><\/li>\n<\/ul>\n<ul style=\"text-align: left;\">\n<li aria-setsize=\"-1\" data-leveltext=\"\uf0b7\" data-font=\"Symbol\" data-listid=\"2\" data-list-defn-props=\"{&quot;335552541&quot;:1,&quot;335559685&quot;:720,&quot;335559991&quot;:360,&quot;469769226&quot;:&quot;Symbol&quot;,&quot;469769242&quot;:[8226],&quot;469777803&quot;:&quot;left&quot;,&quot;469777804&quot;:&quot;\uf0b7&quot;,&quot;469777815&quot;:&quot;multilevel&quot;}\" data-aria-posinset=\"4\" data-aria-level=\"1\"><span data-contrast=\"auto\">Kapaciteti\u00a0i\u00a0shp\u00ebrndarjes\u00a0s\u00eb\u00a0ujit:\u00a0270 ml\/or\u00eb<\/span><span data-ccp-props=\"{}\">\u00a0<\/span><\/li>\n<\/ul>\n<p style=\"text-align: left;\"><b><span data-contrast=\"auto\">Dimensioni\u00a0\/\u00a0Kompozicioni:<\/span><\/b><span data-contrast=\"auto\">\u202fPlastik\u00eb\u00a0dhe\u00a0elektrik\u00eb\u00a0(Prodhuar\u00a0me\u00a0plastike\u00a0cilesore\u00a0PP, AS\u00a0dhe\u00a0ABS)<\/span><br \/>\n<b><span data-contrast=\"auto\">NGJYRA:<\/span><\/b><span data-contrast=\"auto\">\u202fE Bardh\u00eb<\/span><br \/>\n<b><span data-contrast=\"auto\">MATERIALI:<\/span><\/b><span data-contrast=\"auto\">\u202fPlastik\u00eb, elektrik\u00eb<\/span><br \/>\n<b><span data-contrast=\"auto\">UDH\u00cbZIMET E P\u00cbRDORIMIT:<\/span><\/b><span data-contrast=\"auto\">\u202fT\u00eb\u00a0pastrohet\u00a0me\u00a0dor\u00eb\u202f<\/span><\/p>\n<p><span style=\"color: #ffffff;\">3905710930081<\/span><\/p>\n","protected":false},"featured_media":98603,"template":"","meta":[],"product_cat":[307,313],"product_tag":[],"class_list":{"0":"post-98616","1":"product","2":"type-product","3":"status-publish","4":"has-post-thumbnail","6":"product_cat-dhoma-e-ndenjes","7":"product_cat-lageshtues-ajri","9":"first","10":"instock","11":"sale","12":"shipping-taxable","13":"purchasable","14":"product-type-simple","15":"layout-style-1","16":"col-md-4 col-sm-4 col-xs-6","17":"col-lg-3","18":"product-has-gallery","19":"product-style-default"},"_links":{"self":[{"href":"https:\/\/www.comoditahome.com\/mk\/sq\/wp-json\/wp\/v2\/product\/98616","targetHints":{"allow":["GET"]}}],"collection":[{"href":"https:\/\/www.comoditahome.com\/mk\/sq\/wp-json\/wp\/v2\/product"}],"about":[{"href":"https:\/\/www.comoditahome.com\/mk\/sq\/wp-json\/wp\/v2\/types\/product"}],"version-history":[{"count":3,"href":"https:\/\/www.comoditahome.com\/mk\/sq\/wp-json\/wp\/v2\/product\/98616\/revisions"}],"predecessor-version":[{"id":98771,"href":"https:\/\/www.comoditahome.com\/mk\/sq\/wp-json\/wp\/v2\/product\/98616\/revisions\/98771"}],"wp:featuredmedia":[{"embeddable":true,"href":"https:\/\/www.comoditahome.com\/mk\/sq\/wp-json\/wp\/v2\/media\/98603"}],"wp:attachment":[{"href":"https:\/\/www.comoditahome.com\/mk\/sq\/wp-json\/wp\/v2\/media?parent=98616"}],"wp:term":[{"taxonomy":"product_cat","embeddable":true,"href":"https:\/\/www.comoditahome.com\/mk\/sq\/wp-json\/wp\/v2\/product_cat?post=98616"},{"taxonomy":"product_tag","embeddable":true,"href":"https:\/\/www.comoditahome.com\/mk\/sq\/wp-json\/wp\/v2\/product_tag?post=98616"}],"curies":[{"name":"wp","href":"https:\/\/api.w.org\/{rel}","templated":true}]}}