 {"id":98956,"date":"2026-04-01T10:03:24","date_gmt":"2026-04-01T08:03:24","guid":{"rendered":"https:\/\/www.comoditahome.com\/mk\/product\/%d1%81%d0%b5%d1%82-%d1%84%d0%b8%d0%bb%d1%9f%d0%b0%d0%bd%d0%b8-%d0%b7%d0%b0-%d0%ba%d0%b0%d1%84%d0%b5-timeless-gold\/"},"modified":"2026-04-01T10:06:10","modified_gmt":"2026-04-01T08:06:10","slug":"%d1%81%d0%b5%d1%82-%d1%84%d0%b8%d0%bb%d1%9f%d0%b0%d0%bd%d0%b8-%d0%b7%d0%b0-%d0%ba%d0%b0%d1%84%d0%b5-timeless-gold","status":"publish","type":"product","link":"https:\/\/www.comoditahome.com\/mk\/sq\/product\/%d1%81%d0%b5%d1%82-%d1%84%d0%b8%d0%bb%d1%9f%d0%b0%d0%bd%d0%b8-%d0%b7%d0%b0-%d0%ba%d0%b0%d1%84%d0%b5-timeless-gold\/","title":{"rendered":"Set filxhan\u00ebsh kafeje Timeless Gold"},"content":{"rendered":"","protected":false},"excerpt":{"rendered":"<p style=\"text-align: left;\" data-start=\"0\" data-end=\"280\">Shtoni fines\u00eb dhe stil n\u00eb \u00e7do moment kafeje me filxhan\u00ebt elegant\u00eb \u201cTimeless Gold\u201d nga porcelani. Me dizajn minimalist n\u00eb ngjyr\u00eb t\u00eb bardh\u00eb t\u00eb past\u00ebr dhe me vij\u00eb t\u00eb holl\u00eb ari n\u00eb pjes\u00ebn e sip\u00ebrme, ky set kombinon thjesht\u00ebsin\u00eb moderne me luksin klasik.<br \/>\n<strong>Dimensioni \/ Kompozicioni:<\/strong>\u00a0Seti ka 12 pjes\u00eb: 6x filxhan\u00eb, 6x pjat\u00ebza<br \/>\n<strong>NGJYRA:<\/strong>\u00a0E bardh\u00eb dhe ari<br \/>\n<strong>MATERIALI:<\/strong>\u00a0Porcelan<br \/>\n<strong>UDH\u00cbZIMET E P\u00cbRDORIMIT:<\/strong>\u00a0T\u00eb pastrohet me dor\u00eb<\/p>\n<p style=\"text-align: left;\"><span style=\"color: #ffffff;\">3905710930135<\/span><\/p>\n","protected":false},"featured_media":98945,"template":"","meta":[],"product_cat":[283,354,335],"product_tag":[],"class_list":{"0":"post-98956","1":"product","2":"type-product","3":"status-publish","4":"has-post-thumbnail","6":"product_cat-oferta","7":"product_cat-tryeze","8":"product_cat-kafe-sq","10":"first","11":"instock","12":"sale","13":"shipping-taxable","14":"purchasable","15":"product-type-simple","16":"layout-style-1","17":"col-md-4 col-sm-4 col-xs-6","18":"col-lg-3","19":"product-has-gallery","20":"product-style-default"},"_links":{"self":[{"href":"https:\/\/www.comoditahome.com\/mk\/sq\/wp-json\/wp\/v2\/product\/98956","targetHints":{"allow":["GET"]}}],"collection":[{"href":"https:\/\/www.comoditahome.com\/mk\/sq\/wp-json\/wp\/v2\/product"}],"about":[{"href":"https:\/\/www.comoditahome.com\/mk\/sq\/wp-json\/wp\/v2\/types\/product"}],"version-history":[{"count":1,"href":"https:\/\/www.comoditahome.com\/mk\/sq\/wp-json\/wp\/v2\/product\/98956\/revisions"}],"predecessor-version":[{"id":98959,"href":"https:\/\/www.comoditahome.com\/mk\/sq\/wp-json\/wp\/v2\/product\/98956\/revisions\/98959"}],"wp:featuredmedia":[{"embeddable":true,"href":"https:\/\/www.comoditahome.com\/mk\/sq\/wp-json\/wp\/v2\/media\/98945"}],"wp:attachment":[{"href":"https:\/\/www.comoditahome.com\/mk\/sq\/wp-json\/wp\/v2\/media?parent=98956"}],"wp:term":[{"taxonomy":"product_cat","embeddable":true,"href":"https:\/\/www.comoditahome.com\/mk\/sq\/wp-json\/wp\/v2\/product_cat?post=98956"},{"taxonomy":"product_tag","embeddable":true,"href":"https:\/\/www.comoditahome.com\/mk\/sq\/wp-json\/wp\/v2\/product_tag?post=98956"}],"curies":[{"name":"wp","href":"https:\/\/api.w.org\/{rel}","templated":true}]}}